{"id":6,"date":"2023-02-02T14:55:08","date_gmt":"2023-02-02T13:55:08","guid":{"rendered":"http:\/\/xeitotecnico.com\/landing\/?page_id=6"},"modified":"2023-03-29T19:17:57","modified_gmt":"2023-03-29T17:17:57","slug":"politica-de-privacidad","status":"publish","type":"page","link":"http:\/\/xeitotecnico.com\/landing\/politica-de-privacidad\/","title":{"rendered":"Pol\u00edtica de privacidad"},"content":{"rendered":"\n<p class=\"wp-elements-3dae309e10461562bb227568642adcc5 has-link-color has-small-font-size\"><a href=\"http:\/\/xeitotecnico.com\/landing\">EmprenBooks<\/a>, asume el compromiso de procesar la informaci\u00f3n de nuestros visitantes y usuarios con plenas garant\u00edas y cumplir con los requisitos europeos que regulan la recopilaci\u00f3n y uso de los datos personales.<\/p>\n\n\n\n<h3>Qui\u00e9nes somos<\/h3>\n\n\n\n<p class=\"wp-elements-d261fb2584e603e8d0afa12c97c7d840 has-link-color has-small-font-size\">La direcci\u00f3n de nuestra web es <a href=\"http:\/\/xeitotecnico.com\/landing\">http:\/\/xeitotecnico.com\/landing<\/a> y la direcci\u00f3n de email de contacto es <a href=\"mailto:clientes@xeitotecnico.com\">clientes@xeitotecnico.com<\/a>.<\/p>\n\n\n\n<p class=\"has-small-font-size\">La denominaci\u00f3n social del responsable de tratamiento es VALERIANO BAILON DELGADO que ejerce la actividad de editor de libros.<\/p>\n\n\n\n<p class=\"has-small-font-size\">La presente Pol\u00edtica de Privacidad ser\u00e1 v\u00e1lida \u00fanicamente para los datos de car\u00e1cter personal obtenidos en el sitio web, no siendo aplicable para aquella informaci\u00f3n recabada por terceros en otras p\u00e1ginas web, incluso si \u00e9stas se encuentran enlazadas por el sitio web.<\/p>\n\n\n\n<p class=\"has-small-font-size\">En todo momento, nos reservamos el derecho a modificar unilateralmente, sin aviso previo, y en cualquier momento la presentaci\u00f3n y configuraci\u00f3n del sitio.<\/p>\n\n\n\n<h3>Datos personales <\/h3>\n\n\n\n<p class=\"has-small-font-size\">En esta secci\u00f3n informamos de los datos personales recopilados de los usuarios y de los visitantes del sitio. Se podr\u00e1n incluir datos personales tales como el nombre, direcci\u00f3n de correo electr\u00f3nico, preferencias personales de la cuenta; datos transaccionales, como informaci\u00f3n de compras; y datos t\u00e9cnicos, como la informaci\u00f3n sobre las cookies.<\/p>\n\n\n\n<p class=\"has-small-font-size\">Los datos personales no son solo creados por las interacciones de un usuario con tu sitio. Los datos personales tambi\u00e9n se generan a partir de procesos t\u00e9cnicos como formularios de contacto, comentarios, cookies, anal\u00edtica e incrustaciones de terceros.<\/p>\n\n\n\n<p class=\"has-small-font-size\">Recopilamos estos datos&nbsp; para la gesti\u00f3n del alta a una lista de registro as\u00ed como el env\u00edo de comunicaciones comerciales o informaci\u00f3n relacionada con nuestro centro de negocio. Indicar que cuando el visitante nos facilita sus datos a trav\u00e9s de este sitio, el usuario nos est\u00e1 dando su consentimiento activo.<\/p>\n\n\n\n<p class=\"has-small-font-size\">Por defecto, el sitio no recopila ning\u00fan dato personal sobre los visitantes y solo recopila los datos mostrados en la pantalla del perfil de usuario para los usuarios registrados. Sin embargo, se pueden incluir formularios de proveedores de email que tambi\u00e9n recopilan datos personales.<\/p>\n\n\n\n<h3>Comentarios<\/h3>\n\n\n\n<p class=\"has-small-font-size\">Cuando los visitantes dejan comentarios en la web, recopilamos los datos que se muestran en el formulario de comentarios, as\u00ed como la direcci\u00f3n IP del visitante y la cadena de agentes de usuario del navegador para ayudar a la detecci\u00f3n de spam.<\/p>\n\n\n\n<p class=\"wp-elements-27e7720814cecf5c210fadab2a934ed2 has-link-color has-small-font-size\">Una cadena an\u00f3nima creada a partir de tu direcci\u00f3n de correo electr\u00f3nico (tambi\u00e9n llamada hash) puede ser proporcionada al servicio de Gravatar para ver si la est\u00e1s usando. La pol\u00edtica de privacidad del servicio Gravatar est\u00e1 disponible aqu\u00ed: <a href=\"https:\/\/automattic.com\/privacy\/\">https:\/\/automattic.com\/privacy\/<\/a>. Despu\u00e9s de la aprobaci\u00f3n de tu comentario, la imagen de tu perfil es visible para el p\u00fablico en el contexto de tu comentario.<\/p>\n\n\n\n<h3>Medios<\/h3>\n\n\n\n<p class=\"has-small-font-size\">Si subes im\u00e1genes a la web, deber\u00edas evitar subir im\u00e1genes con datos de ubicaci\u00f3n (GPS EXIF) incluidos. Los visitantes de la web pueden descargar y extraer cualquier dato de ubicaci\u00f3n de las im\u00e1genes de la web.<\/p>\n\n\n\n<h3>Cookies<\/h3>\n\n\n\n<p class=\"has-small-font-size\">Si dejas un comentario en nuestro sitio puedes elegir guardar tu nombre, direcci\u00f3n de correo electr\u00f3nico y web en cookies. Esto es para tu comodidad, para que no tengas que volver a rellenar tus datos cuando dejes otro comentario. Estas cookies tendr\u00e1n una duraci\u00f3n de un a\u00f1o.<\/p>\n\n\n\n<p class=\"has-small-font-size\">Si tienes una cuenta y te conectas a este sitio, instalaremos una cookie temporal para determinar si tu navegador acepta cookies. Esta cookie no contiene datos personales y se elimina al cerrar el navegador.<\/p>\n\n\n\n<p class=\"has-small-font-size\">Cuando accedas, tambi\u00e9n instalaremos varias cookies para guardar tu informaci\u00f3n de acceso y tus opciones de visualizaci\u00f3n de pantalla. Las cookies de acceso duran dos d\u00edas, y las cookies de opciones de pantalla duran un a\u00f1o. Si seleccionas \u00abRecu\u00e9rdarme\u00bb, tu acceso perdurar\u00e1 durante dos semanas. Si sales de tu cuenta, las cookies de acceso se eliminar\u00e1n.<\/p>\n\n\n\n<p class=\"has-small-font-size\">Si editas o publicas un art\u00edculo se guardar\u00e1 una cookie adicional en tu navegador. Esta cookie no incluye datos personales y simplemente indica el ID del art\u00edculo que acabas de editar. Caduca despu\u00e9s de 1 d\u00eda.<\/p>\n\n\n\n<h3>Contenido incrustado de otros sitios web<\/h3>\n\n\n\n<p class=\"has-small-font-size\">Los art\u00edculos de este sitio pueden incluir contenido incrustado (por ejemplo, v\u00eddeos, im\u00e1genes, art\u00edculos, etc.). El contenido incrustado de otras webs se comporta exactamente de la misma manera que si el visitante hubiera visitado la otra web.<\/p>\n\n\n\n<p class=\"has-small-font-size\">Estas webs pueden recopilar datos sobre ti, utilizar cookies, incrustar un seguimiento adicional de terceros, y supervisar tu interacci\u00f3n con ese contenido incrustado, incluido el seguimiento de tu interacci\u00f3n con el contenido incrustado si tienes una cuenta y est\u00e1s conectado a esa web. Algunas de estas webs son YouTube, Amazon, Hotmart o Editorial Vanir. Puedes consultar sus pol\u00edticas de privacidad dentro de sus webs.<\/p>\n\n\n\n<h3>Con qui\u00e9n compartimos tus datos<\/h3>\n\n\n\n<p class=\"has-small-font-size\">Si solicitas un restablecimiento de contrase\u00f1a, tu direcci\u00f3n IP ser\u00e1 incluida en el correo electr\u00f3nico de restablecimiento.<\/p>\n\n\n\n<h3>Cu\u00e1nto tiempo conservamos tus datos<\/h3>\n\n\n\n<p class=\"has-small-font-size\">Si dejas un comentario, el comentario y sus metadatos se conservan indefinidamente. Esto es para que podamos reconocer y aprobar comentarios sucesivos autom\u00e1ticamente, en lugar de mantenerlos en una cola de moderaci\u00f3n.<\/p>\n\n\n\n<p class=\"has-small-font-size\">De los usuarios que se registran en nuestra web (si los hay), tambi\u00e9n almacenamos la informaci\u00f3n personal que proporcionan en su perfil de usuario. Todos los usuarios pueden ver, editar o eliminar su informaci\u00f3n personal en cualquier momento (excepto que no pueden cambiar su nombre de usuario). Los administradores de la web tambi\u00e9n pueden ver y editar esa informaci\u00f3n.<\/p>\n\n\n\n<h3>Qu\u00e9 derechos tienes sobre tus datos<\/h3>\n\n\n\n<p class=\"has-small-font-size\">Si tienes una cuenta o has dejado comentarios en esta web, puedes solicitar recibir un archivo de exportaci\u00f3n de los datos personales que tenemos sobre ti, incluyendo cualquier dato que nos hayas proporcionado. Tambi\u00e9n puedes solicitar que eliminemos cualquier dato personal que tengamos sobre ti. Esto no incluye ning\u00fan dato que estemos obligados a conservar con fines administrativos, legales o de seguridad.<\/p>\n\n\n\n<h3>D\u00f3nde se env\u00edan tus datos<\/h3>\n\n\n\n<p class=\"wp-elements-878140de71a07e20f8bc367696006018 has-link-color has-small-font-size\"><a href=\"http:\/\/xeitotecnico.com\/landing\">EmprenBooks<\/a>, asume el compromiso de procesar la informaci\u00f3n de nuestros usuarios y clientes con plenas garant\u00edas y cumplir con los requisitos nacionales y europeos que regulan la recopilaci\u00f3n y uso de los datos personales de nuestros usuarios. Esta web, por tanto, cumple rigurosamente con el RGPD (REGLAMENTO (UE) 2016\/679 de protecci\u00f3n de datos) y la LSSI-CE la Ley 34\/2002, de 11 de julio, de servicios de la sociedad de la informaci\u00f3n y de comercio electr\u00f3nico.<\/p>\n\n\n\n<p class=\"wp-elements-8408ba85a4b6bba748895a00b434e143 has-link-color has-small-font-size\">Los comentarios de los visitantes puede que los revise Akismet, el servicio de detecci\u00f3n autom\u00e1tica de spam de Automattic. Para m\u00e1s informaci\u00f3n consulta su <a href=\"https:\/\/mailrelay.com\/es\/politica-de-privacidad\">pol\u00edtica <\/a><a href=\"https:\/\/automattic.com\/privacy\/\">de<\/a><a href=\"https:\/\/mailrelay.com\/es\/politica-de-privacidad\"> privacidad<\/a>.<\/p>\n\n\n\n<p class=\"wp-elements-fb408061f8010bd4cb08889b2ef0929c has-link-color has-small-font-size\">Al completar el formulario de nuestro proveedor de email Mailrelay, los datos se alojar\u00e1n en los servidores de la plataforma de email marketing CPC Servicios Inform\u00e1ticos Aplicados a Nuevas Tecnolog\u00edas S.L. Para m\u00e1s informaci\u00f3n consulta su <a href=\"https:\/\/mailrelay.com\/es\/politica-de-privacidad\">pol\u00edtica de privacidad<\/a>.<\/p>\n\n\n\n<p class=\"wp-elements-0249eee3855bdd1affbcfc6855525e1c has-link-color has-small-font-size\">Podr\u00e1s ejercer Tus Derechos de Acceso, Rectificaci\u00f3n, Limitaci\u00f3n o Suprimir tus datos en <a href=\"mailto:clientes@xeitotecnico.com\">clientes@xeitotecnico.com<\/a>. <\/p>\n\n\n\n<div style=\"height:20px\" aria-hidden=\"true\" class=\"wp-block-spacer\"><\/div>\n\n\n\n<p class=\"has-small-font-size\">Actualizaci\u00f3n del 25-03-2023<\/p>\n\n\n<p class=\"wp-elements-2cda893cde81c4bffbad85028ad826bb wp-block-site-title\"><a href=\"http:\/\/xeitotecnico.com\/landing\" target=\"_self\" rel=\"home\">EmprenBooks<\/a><\/p>","protected":false},"excerpt":{"rendered":"<p>EmprenBooks, asume el compromiso de procesar la informaci\u00f3n de nuestros visitantes y usuarios con plenas garant\u00edas y cumplir con los requisitos europeos que regulan la recopilaci\u00f3n y uso de los datos personales. Qui\u00e9nes somos La direcci\u00f3n de nuestra web es http:\/\/xeitotecnico.com\/landing y la direcci\u00f3n de email de contacto es clientes@xeitotecnico.com. La denominaci\u00f3n social del responsable [&hellip;]<\/p>\n","protected":false},"author":1,"featured_media":0,"parent":0,"menu_order":0,"comment_status":"closed","ping_status":"closed","template":"","meta":[],"_links":{"self":[{"href":"http:\/\/xeitotecnico.com\/landing\/wp-json\/wp\/v2\/pages\/6"}],"collection":[{"href":"http:\/\/xeitotecnico.com\/landing\/wp-json\/wp\/v2\/pages"}],"about":[{"href":"http:\/\/xeitotecnico.com\/landing\/wp-json\/wp\/v2\/types\/page"}],"author":[{"embeddable":true,"href":"http:\/\/xeitotecnico.com\/landing\/wp-json\/wp\/v2\/users\/1"}],"replies":[{"embeddable":true,"href":"http:\/\/xeitotecnico.com\/landing\/wp-json\/wp\/v2\/comments?post=6"}],"version-history":[{"count":15,"href":"http:\/\/xeitotecnico.com\/landing\/wp-json\/wp\/v2\/pages\/6\/revisions"}],"predecessor-version":[{"id":10834,"href":"http:\/\/xeitotecnico.com\/landing\/wp-json\/wp\/v2\/pages\/6\/revisions\/10834"}],"wp:attachment":[{"href":"http:\/\/xeitotecnico.com\/landing\/wp-json\/wp\/v2\/media?parent=6"}],"curies":[{"name":"wp","href":"https:\/\/api.w.org\/{rel}","templated":true}]}}