{"id":10549,"date":"2023-02-03T13:10:55","date_gmt":"2023-02-03T12:10:55","guid":{"rendered":"http:\/\/xeitotecnico.com\/landing\/?page_id=10549"},"modified":"2023-02-28T19:31:58","modified_gmt":"2023-02-28T18:31:58","slug":"libro-al-dia","status":"publish","type":"page","link":"https:\/\/xeitotecnico.com\/landing\/","title":{"rendered":"LIBRO AL D\u00cdA"},"content":{"rendered":"\n<div style=\"height:10px\" aria-hidden=\"true\" id=\"registro\" class=\"wp-block-spacer\"><\/div>\n\n\n\n<div class=\"is-layout-flex wp-container-3 wp-block-columns alignwide\">\n<div class=\"is-layout-flow wp-block-column\" style=\"flex-basis:60%\">\n<figure class=\"wp-block-embed is-type-video is-provider-youtube wp-block-embed-youtube wp-embed-aspect-16-9 wp-has-aspect-ratio\"><div class=\"wp-block-embed__wrapper\">\n<iframe loading=\"lazy\" title=\"EMPRENBOOKS\" width=\"500\" height=\"281\" src=\"https:\/\/www.youtube.com\/embed\/5iPo898jonM?feature=oembed\" frameborder=\"0\" allow=\"accelerometer; autoplay; clipboard-write; encrypted-media; gyroscope; picture-in-picture; web-share\" allowfullscreen><\/iframe>\n<\/div><figcaption class=\"wp-element-caption\">Valen Bailon<\/figcaption><\/figure>\n<\/div>\n\n\n\n<div class=\"is-layout-flow wp-block-column\" style=\"flex-basis:40%\">\n<h3 class=\"has-text-align-center\">Recibe tu descuento en libros<\/h3>\n\n\n\n<iframe data-skip-lazy=\"\" src=\"https:\/\/emprenbooks1.ipzmarketing.com\/f\/c65BBSHTyqY\" frameborder=\"0\" scrolling=\"no\" width=\"100%\" class=\"ipz-iframe\"><\/iframe>\n<script data-cfasync=\"false\" type=\"text\/javascript\" src=\"https:\/\/assets.ipzmarketing.com\/assets\/signup_form\/iframe_v1.js\"><\/script>\n\n\n\n<p class=\"wp-elements-8d4946f5be59dccf6ab448bfcc9d4322 has-text-align-center has-link-color has-small-font-size\"><a href=\"http:\/\/xeitotecnico.com\/landing\/politica-de-privacidad\/\">Ver informaci\u00f3n de privacidad<\/a><\/p>\n<\/div>\n<\/div>\n\n\n\n<div class=\"is-layout-flex wp-container-5 wp-block-columns alignwide\">\n<div class=\"is-layout-flow wp-block-column\" style=\"flex-basis:100%\">\n<div style=\"height:20px\" aria-hidden=\"true\" class=\"wp-block-spacer\"><\/div>\n<\/div>\n<\/div>\n\n\n\n<div class=\"is-layout-flex wp-container-7 wp-block-columns alignwide\">\n<div class=\"is-layout-flow wp-block-column\" style=\"flex-basis:100%\">\n<h4 class=\"has-text-align-center\" id=\"schedule-a-visit\" style=\"font-size:clamp(22.5px, 1.406rem + ((1vw - 7.68px) * 0.901), 30px);line-height:1.15\"><strong><strong><strong>\u201cNOTICI\u00d3N\u201d<\/strong><\/strong><\/strong><\/h4>\n\n\n\n<p class=\"wp-elements-e3818c9aaa951ecc445b95de600a05a1 has-link-color\">La plataforma <strong>Libro al d\u00eda<\/strong> llega a un acuerdo con la<strong> <\/strong>editorial <strong>Emprenbooks<\/strong> para ofrecer, a su comunidad, un <strong>50 por ciento de descuento<\/strong> en todo su <a rel=\"noreferrer noopener\" href=\"https:\/\/editorialvanir.com\/42-emprenbooks\" target=\"_blank\">cat\u00e1logo de libros de emprendimiento<\/a>.<\/p>\n\n\n\n<p>Podr\u00e1s adquirir las obras de autores tan destacados como: Euge Oller, Carlos Mu\u00f1oz, Fernando Miralles, Bruno Sanders, Dany C\u00e1ceres, Valen Bailon, Jes\u00fas Honrubia, Fernando Belastegu\u00edn, etc.<\/p>\n\n\n\n<p>Solicita tu c\u00f3digo de descuento y lo podr\u00e1s utilizar todas las veces que quieras durante 30 d\u00edas.<\/p>\n\n\n\n<p><strong>Este c\u00f3digo de descuento ser\u00e1 v\u00e1lido hasta el 31 de marzo, date prisa en solicitar el tuyo.<\/strong><\/p>\n<\/div>\n<\/div>\n\n\n\n<div style=\"height:20px\" aria-hidden=\"true\" id=\"registro\" class=\"wp-block-spacer\"><\/div>\n\n\n\n<h4 class=\"has-text-align-center\">Libros que inspiran<\/h4>\n\n\n\n<figure class=\"wp-block-image size-large\"><a href=\"https:\/\/editorialvanir.com\/42-emprenbooks\"><img decoding=\"async\" loading=\"lazy\" width=\"741\" height=\"1024\" src=\"http:\/\/xeitotecnico.com\/landing\/wp-content\/uploads\/2023\/02\/Libros-EmprenBooks-png-4-741x1024.webp\" alt=\"\" class=\"wp-image-10649\" srcset=\"https:\/\/xeitotecnico.com\/landing\/wp-content\/uploads\/2023\/02\/Libros-EmprenBooks-png-4-741x1024.webp 741w, https:\/\/xeitotecnico.com\/landing\/wp-content\/uploads\/2023\/02\/Libros-EmprenBooks-png-4-217x300.webp 217w, https:\/\/xeitotecnico.com\/landing\/wp-content\/uploads\/2023\/02\/Libros-EmprenBooks-png-4.webp 750w\" sizes=\"(max-width: 741px) 100vw, 741px\" \/><\/a><\/figure>\n\n\n\n<p class=\"wp-elements-606531403105044f2cfa740f8ebfc544 has-text-align-center has-link-color\">C\u00f3digo de descuento v\u00e1lido en la tienda <a href=\"https:\/\/editorialvanir.com\/42-emprenbooks\">editorialvanir.com<\/a><\/p>\n\n\n\n<div class=\"is-layout-flow wp-block-group alignfull has-text-color has-background\" style=\"color:#000000;background-color:#ffffff\">\n<div style=\"height:20px\" aria-hidden=\"true\" class=\"wp-block-spacer\"><\/div>\n\n\n\n<p class=\"has-text-align-center has-small-font-size\" style=\"line-height:.9\"><strong>No puedo esperar m\u00e1s<\/strong><\/p>\n\n\n\n<h4 class=\"has-text-align-center\" id=\"schedule-a-visit\" style=\"font-size:clamp(22.5px, 1.406rem + ((1vw - 7.68px) * 0.901), 30px);line-height:1.15\"><strong><strong>Quiero mi c\u00f3digo de descuento<\/strong><\/strong><\/h4>\n\n\n\n<div class=\"is-horizontal is-content-justification-center is-layout-flex wp-container-8 wp-block-buttons\">\n<div class=\"wp-block-button has-custom-width wp-block-button__width-50\"><a class=\"wp-block-button__link has-contrast-background-color has-text-color has-background wp-element-button\" href=\"#registro\" style=\"border-radius:50px;color:#ebc140\"><strong>Solicitar<\/strong><\/a><\/div>\n<\/div>\n\n\n\n<div style=\"height:20px\" aria-hidden=\"true\" class=\"wp-block-spacer\"><\/div>\n<\/div>\n\n\n\n<h4 class=\"has-text-align-center\">\u00a1Libros que te har\u00e1n so\u00f1ar!<\/h4>\n\n\n\n<figure class=\"wp-block-image size-full\"><img decoding=\"async\" loading=\"lazy\" width=\"1024\" height=\"768\" src=\"http:\/\/xeitotecnico.com\/landing\/wp-content\/uploads\/2023\/02\/EmprenBooks-Un_libro_al_dia-3.webp\" alt=\"\" class=\"wp-image-10574\" srcset=\"https:\/\/xeitotecnico.com\/landing\/wp-content\/uploads\/2023\/02\/EmprenBooks-Un_libro_al_dia-3.webp 1024w, https:\/\/xeitotecnico.com\/landing\/wp-content\/uploads\/2023\/02\/EmprenBooks-Un_libro_al_dia-3-300x225.webp 300w, https:\/\/xeitotecnico.com\/landing\/wp-content\/uploads\/2023\/02\/EmprenBooks-Un_libro_al_dia-3-768x576.webp 768w\" sizes=\"(max-width: 1024px) 100vw, 1024px\" \/><\/figure>\n\n\n\n<p class=\"has-text-align-center\">Colaboraci\u00f3n de Libro al d\u00eda y EmprenBooks<\/p>\n\n\n\n<div class=\"is-layout-flow wp-block-group alignfull has-text-color has-background\" style=\"color:#000000;background-color:#ffffff\">\n<div style=\"height:20px\" aria-hidden=\"true\" class=\"wp-block-spacer\"><\/div>\n\n\n\n<p class=\"has-text-align-center has-small-font-size\" style=\"line-height:.9\"><strong>Solicita el c\u00f3digo de descuento en libros<\/strong><\/p>\n\n\n\n<h4 class=\"has-text-align-center\" id=\"schedule-a-visit\" style=\"font-size:clamp(22.5px, 1.406rem + ((1vw - 7.68px) * 0.901), 30px);line-height:1.15\"><strong><strong>Recibe esta promoci\u00f3n exclusiva<\/strong><\/strong><\/h4>\n\n\n\n<div class=\"is-horizontal is-content-justification-center is-layout-flex wp-container-10 wp-block-buttons\">\n<div class=\"wp-block-button has-custom-width wp-block-button__width-50\"><a class=\"wp-block-button__link has-contrast-background-color has-text-color has-background wp-element-button\" href=\"#registro\" style=\"border-radius:50px;color:#ebc140\"><strong>Solicitar<\/strong><\/a><\/div>\n<\/div>\n\n\n\n<div style=\"height:20px\" aria-hidden=\"true\" class=\"wp-block-spacer\"><\/div>\n\n\n\n<p class=\"wp-elements-3198dd69593eada9c61472f36ceb126a has-link-color has-small-font-size\">* <strong>Responsable<\/strong>: EmprenBooks. <strong>Finalidad<\/strong>: Gestionar el alta a este registro as\u00ed como el env\u00edo de comunicaciones comerciales o informaci\u00f3n relacionada con nuestro centro. <strong>Legitimaci\u00f3n<\/strong>: Consentimiento del interesado. <strong>Destinatarios<\/strong>: Tus datos se encuentran alojados en los servidores de la plataforma de email marketing Mailrelay. Podr\u00e1s ejercer los derechos de acceso, rectificaci\u00f3n, limitaci\u00f3n o suprimir tus datos en clientes@xeitotecnico.com. Para m\u00e1s informaci\u00f3n consulta la <a href=\"http:\/\/xeitotecnico.com\/landing\/politica-de-privacidad\/\">Pol\u00edtica de Privacidad<\/a>.<\/p>\n<\/div>\n","protected":false},"excerpt":{"rendered":"<p>Recibe tu descuento en libros Ver informaci\u00f3n de privacidad \u201cNOTICI\u00d3N\u201d La plataforma Libro al d\u00eda llega a un acuerdo con la editorial Emprenbooks para ofrecer, a su comunidad, un 50 por ciento de descuento en todo su cat\u00e1logo de libros de emprendimiento. Podr\u00e1s adquirir las obras de autores tan destacados como: Euge Oller, Carlos Mu\u00f1oz, [&hellip;]<\/p>\n","protected":false},"author":1,"featured_media":10560,"parent":0,"menu_order":0,"comment_status":"closed","ping_status":"closed","template":"wp-custom-template-squeeze-page","meta":[],"_links":{"self":[{"href":"https:\/\/xeitotecnico.com\/landing\/wp-json\/wp\/v2\/pages\/10549"}],"collection":[{"href":"https:\/\/xeitotecnico.com\/landing\/wp-json\/wp\/v2\/pages"}],"about":[{"href":"https:\/\/xeitotecnico.com\/landing\/wp-json\/wp\/v2\/types\/page"}],"author":[{"embeddable":true,"href":"https:\/\/xeitotecnico.com\/landing\/wp-json\/wp\/v2\/users\/1"}],"replies":[{"embeddable":true,"href":"https:\/\/xeitotecnico.com\/landing\/wp-json\/wp\/v2\/comments?post=10549"}],"version-history":[{"count":71,"href":"https:\/\/xeitotecnico.com\/landing\/wp-json\/wp\/v2\/pages\/10549\/revisions"}],"predecessor-version":[{"id":10683,"href":"https:\/\/xeitotecnico.com\/landing\/wp-json\/wp\/v2\/pages\/10549\/revisions\/10683"}],"wp:featuredmedia":[{"embeddable":true,"href":"https:\/\/xeitotecnico.com\/landing\/wp-json\/wp\/v2\/media\/10560"}],"wp:attachment":[{"href":"https:\/\/xeitotecnico.com\/landing\/wp-json\/wp\/v2\/media?parent=10549"}],"curies":[{"name":"wp","href":"https:\/\/api.w.org\/{rel}","templated":true}]}}